{"id":22,"date":"2024-06-11T17:24:06","date_gmt":"2024-06-11T17:24:06","guid":{"rendered":"https:\/\/vmsti.com.br\/?page_id=22"},"modified":"2026-01-12T21:48:03","modified_gmt":"2026-01-12T21:48:03","slug":"home","status":"publish","type":"page","link":"https:\/\/vmsti.com.br\/","title":{"rendered":"Home"},"content":{"rendered":"\t\t<div data-elementor-type=\"wp-page\" data-elementor-id=\"22\" class=\"elementor elementor-22\">\n\t\t\t\t<div class=\"elementor-element elementor-element-710245f e-flex e-con-boxed e-con e-parent\" data-id=\"710245f\" data-element_type=\"container\" data-settings=\"{&quot;background_background&quot;:&quot;classic&quot;}\">\n\t\t\t\t\t<div class=\"e-con-inner\">\n\t\t<div class=\"elementor-element elementor-element-8435a00 e-con-full e-flex e-con e-child\" data-id=\"8435a00\" data-element_type=\"container\">\n\t\t\t\t<div class=\"elementor-element elementor-element-03db848 elementor-widget elementor-widget-heading\" data-id=\"03db848\" data-element_type=\"widget\" data-widget_type=\"heading.default\">\n\t\t\t\t<div class=\"elementor-widget-container\">\n\t\t\t\t\t<h2 class=\"elementor-heading-title elementor-size-default\">Suporte em Tecnologia da Informa\u00e7\u00e3o n\u00e3o precisa ser complicado. <\/h2>\t\t\t\t<\/div>\n\t\t\t\t<\/div>\n\t\t\t\t<div class=\"elementor-element elementor-element-5dc7c06 elementor-widget elementor-widget-text-editor\" data-id=\"5dc7c06\" data-element_type=\"widget\" data-widget_type=\"text-editor.default\">\n\t\t\t\t<div class=\"elementor-widget-container\">\n\t\t\t\t\t\t\t\t\t<p>Pra sua empresa trabalhar sem stress, travamentos ou surpresas.<\/p>\t\t\t\t\t\t\t\t<\/div>\n\t\t\t\t<\/div>\n\t\t\t\t<div class=\"elementor-element elementor-element-341b2bd elementor-widget elementor-widget-text-editor\" data-id=\"341b2bd\" data-element_type=\"widget\" data-widget_type=\"text-editor.default\">\n\t\t\t\t<div class=\"elementor-widget-container\">\n\t\t\t\t\t\t\t\t\t<p>Atendemos pequenas e m\u00e9dias empresas com solu\u00e7\u00f5es de TI simples, seguras e sob medida.<\/p><p>Menos complica\u00e7\u00e3o, mais economia e confian\u00e7a no dia a dia do seu neg\u00f3cio.<\/p>\t\t\t\t\t\t\t\t<\/div>\n\t\t\t\t<\/div>\n\t\t\t\t<div class=\"elementor-element elementor-element-aead520 elementor-widget elementor-widget-button\" data-id=\"aead520\" data-element_type=\"widget\" data-widget_type=\"button.default\">\n\t\t\t\t<div class=\"elementor-widget-container\">\n\t\t\t\t\t\t\t\t\t<div class=\"elementor-button-wrapper\">\n\t\t\t\t\t<a class=\"elementor-button elementor-button-link elementor-size-sm\" href=\"https:\/\/vmsti.com.br\/index.php\/servicos\/\">\n\t\t\t\t\t\t<span class=\"elementor-button-content-wrapper\">\n\t\t\t\t\t\t\t\t\t<span class=\"elementor-button-text\">Conhe\u00e7a nossos servi\u00e7os<\/span>\n\t\t\t\t\t<\/span>\n\t\t\t\t\t<\/a>\n\t\t\t\t<\/div>\n\t\t\t\t\t\t\t\t<\/div>\n\t\t\t\t<\/div>\n\t\t\t\t<\/div>\n\t\t\t\t\t<\/div>\n\t\t\t\t<\/div>\n\t\t\t\t<\/div>\n\t\t","protected":false},"excerpt":{"rendered":"<p>Suporte em Tecnologia da Informa\u00e7\u00e3o n\u00e3o precisa ser complicado. Pra sua empresa trabalhar sem stress, travamentos ou surpresas. Atendemos pequenas e m\u00e9dias empresas com solu\u00e7\u00f5es de TI simples, seguras e sob medida. Menos complica\u00e7\u00e3o, mais economia e confian\u00e7a no dia a dia do seu neg\u00f3cio. Conhe\u00e7a nossos servi\u00e7os<\/p>\n","protected":false},"author":1,"featured_media":0,"parent":0,"menu_order":0,"comment_status":"closed","ping_status":"closed","template":"elementor_header_footer","meta":{"footnotes":""},"class_list":["post-22","page","type-page","status-publish","hentry"],"_links":{"self":[{"href":"https:\/\/vmsti.com.br\/index.php\/wp-json\/wp\/v2\/pages\/22","targetHints":{"allow":["GET"]}}],"collection":[{"href":"https:\/\/vmsti.com.br\/index.php\/wp-json\/wp\/v2\/pages"}],"about":[{"href":"https:\/\/vmsti.com.br\/index.php\/wp-json\/wp\/v2\/types\/page"}],"author":[{"embeddable":true,"href":"https:\/\/vmsti.com.br\/index.php\/wp-json\/wp\/v2\/users\/1"}],"replies":[{"embeddable":true,"href":"https:\/\/vmsti.com.br\/index.php\/wp-json\/wp\/v2\/comments?post=22"}],"version-history":[{"count":49,"href":"https:\/\/vmsti.com.br\/index.php\/wp-json\/wp\/v2\/pages\/22\/revisions"}],"predecessor-version":[{"id":464,"href":"https:\/\/vmsti.com.br\/index.php\/wp-json\/wp\/v2\/pages\/22\/revisions\/464"}],"wp:attachment":[{"href":"https:\/\/vmsti.com.br\/index.php\/wp-json\/wp\/v2\/media?parent=22"}],"curies":[{"name":"wp","href":"https:\/\/api.w.org\/{rel}","templated":true}]}}