{"id":35,"date":"2024-06-11T20:39:29","date_gmt":"2024-06-11T20:39:29","guid":{"rendered":"https:\/\/vmsti.com.br\/?page_id=35"},"modified":"2026-01-12T22:57:09","modified_gmt":"2026-01-12T22:57:09","slug":"politica-de-privacidade","status":"publish","type":"page","link":"https:\/\/vmsti.com.br\/index.php\/politica-de-privacidade\/","title":{"rendered":"Pol\u00edtica de Privacidade"},"content":{"rendered":"\t\t<div data-elementor-type=\"wp-page\" data-elementor-id=\"35\" class=\"elementor elementor-35\">\n\t\t\t\t<div class=\"elementor-element elementor-element-448a68a e-flex e-con-boxed e-con e-parent\" data-id=\"448a68a\" data-element_type=\"container\">\n\t\t\t\t\t<div class=\"e-con-inner\">\n\t\t\t\t<div class=\"elementor-element elementor-element-c935610 elementor-widget elementor-widget-text-editor\" data-id=\"c935610\" data-element_type=\"widget\" data-widget_type=\"text-editor.default\">\n\t\t\t\t<div class=\"elementor-widget-container\">\n\t\t\t\t\t\t\t\t\t<h1>\ud83d\udcc4 Pol\u00edtica de Privacidade<\/h1><h3 data-start=\"490\" data-end=\"525\">Pol\u00edtica de Privacidade \u2013 VMSTI<\/h3><p>A VMSTI respeita a sua privacidade e est\u00e1 comprometida com a prote\u00e7\u00e3o dos dados pessoais de seus usu\u00e1rios, clientes e visitantes do site.<\/p><p>Ao acessar este site, algumas informa\u00e7\u00f5es podem ser coletadas de forma autom\u00e1tica, como endere\u00e7o IP, tipo de navegador, p\u00e1ginas acessadas e tempo de perman\u00eancia. Esses dados s\u00e3o utilizados apenas para fins estat\u00edsticos e para melhoria da experi\u00eancia do usu\u00e1rio.<\/p><h3 data-start=\"929\" data-end=\"957\">Coleta de dados pessoais<\/h3><p>Os dados pessoais fornecidos voluntariamente pelo usu\u00e1rio, como nome, e-mail ou telefone, por meio de formul\u00e1rios de contato ou canais de comunica\u00e7\u00e3o, s\u00e3o utilizados exclusivamente para:<\/p><ul data-start=\"1146\" data-end=\"1265\"><li data-start=\"1146\" data-end=\"1181\">responder solicita\u00e7\u00f5es e d\u00favidas;<\/li><li data-start=\"1182\" data-end=\"1219\">realizar atendimentos e or\u00e7amentos;<\/li><li data-start=\"1220\" data-end=\"1265\">manter contato comercial quando solicitado.<\/li><\/ul><p>A VMSTI n\u00e3o vende, compartilha ou divulga dados pessoais a terceiros, exceto quando necess\u00e1rio para cumprimento de obriga\u00e7\u00f5es legais.<\/p><h3 data-start=\"1402\" data-end=\"1420\">Uso de cookies<\/h3><p>Este site pode utilizar cookies para melhorar a navega\u00e7\u00e3o e personalizar conte\u00fados. O usu\u00e1rio pode, a qualquer momento, desativar os cookies nas configura\u00e7\u00f5es do seu navegador.<\/p><h3 data-start=\"1600\" data-end=\"1629\">Seguran\u00e7a das informa\u00e7\u00f5es<\/h3><p>Adotamos medidas t\u00e9cnicas e organizacionais adequadas para proteger as informa\u00e7\u00f5es contra acesso n\u00e3o autorizado, altera\u00e7\u00e3o, divulga\u00e7\u00e3o ou destrui\u00e7\u00e3o.<\/p><h3 data-start=\"1782\" data-end=\"1811\">Altera\u00e7\u00f5es nesta pol\u00edtica<\/h3><p>Esta pol\u00edtica de privacidade pode ser atualizada a qualquer momento, sem aviso pr\u00e9vio, para refletir melhorias no site ou adequa\u00e7\u00f5es legais.<\/p><p>Em caso de d\u00favidas, entre em contato atrav\u00e9s dos canais dispon\u00edveis no site.<\/p>\t\t\t\t\t\t\t\t<\/div>\n\t\t\t\t<\/div>\n\t\t\t\t\t<\/div>\n\t\t\t\t<\/div>\n\t\t\t\t<\/div>\n\t\t","protected":false},"excerpt":{"rendered":"<p>\ud83d\udcc4 Pol\u00edtica de Privacidade Pol\u00edtica de Privacidade \u2013 VMSTI A VMSTI respeita a sua privacidade e est\u00e1 comprometida com a prote\u00e7\u00e3o dos dados pessoais de seus usu\u00e1rios, clientes e visitantes do site. Ao acessar este site, algumas informa\u00e7\u00f5es podem ser coletadas de forma autom\u00e1tica, como endere\u00e7o IP, tipo de navegador, p\u00e1ginas acessadas e tempo de [&hellip;]<\/p>\n","protected":false},"author":1,"featured_media":0,"parent":0,"menu_order":0,"comment_status":"closed","ping_status":"closed","template":"elementor_header_footer","meta":{"footnotes":""},"class_list":["post-35","page","type-page","status-publish","hentry"],"_links":{"self":[{"href":"https:\/\/vmsti.com.br\/index.php\/wp-json\/wp\/v2\/pages\/35","targetHints":{"allow":["GET"]}}],"collection":[{"href":"https:\/\/vmsti.com.br\/index.php\/wp-json\/wp\/v2\/pages"}],"about":[{"href":"https:\/\/vmsti.com.br\/index.php\/wp-json\/wp\/v2\/types\/page"}],"author":[{"embeddable":true,"href":"https:\/\/vmsti.com.br\/index.php\/wp-json\/wp\/v2\/users\/1"}],"replies":[{"embeddable":true,"href":"https:\/\/vmsti.com.br\/index.php\/wp-json\/wp\/v2\/comments?post=35"}],"version-history":[{"count":7,"href":"https:\/\/vmsti.com.br\/index.php\/wp-json\/wp\/v2\/pages\/35\/revisions"}],"predecessor-version":[{"id":491,"href":"https:\/\/vmsti.com.br\/index.php\/wp-json\/wp\/v2\/pages\/35\/revisions\/491"}],"wp:attachment":[{"href":"https:\/\/vmsti.com.br\/index.php\/wp-json\/wp\/v2\/media?parent=35"}],"curies":[{"name":"wp","href":"https:\/\/api.w.org\/{rel}","templated":true}]}}