{"id":37,"date":"2024-06-11T20:39:49","date_gmt":"2024-06-11T20:39:49","guid":{"rendered":"https:\/\/vmsti.com.br\/?page_id=37"},"modified":"2026-01-12T22:58:19","modified_gmt":"2026-01-12T22:58:19","slug":"termos-de-uso","status":"publish","type":"page","link":"https:\/\/vmsti.com.br\/index.php\/termos-de-uso\/","title":{"rendered":"Termos de Uso"},"content":{"rendered":"\t\t<div data-elementor-type=\"wp-page\" data-elementor-id=\"37\" class=\"elementor elementor-37\">\n\t\t\t\t<div class=\"elementor-element elementor-element-af32e5c e-flex e-con-boxed e-con e-parent\" data-id=\"af32e5c\" data-element_type=\"container\">\n\t\t\t\t\t<div class=\"e-con-inner\">\n\t\t\t\t<div class=\"elementor-element elementor-element-22396aa elementor-widget elementor-widget-text-editor\" data-id=\"22396aa\" data-element_type=\"widget\" data-widget_type=\"text-editor.default\">\n\t\t\t\t<div class=\"elementor-widget-container\">\n\t\t\t\t\t\t\t\t\t<h1 data-start=\"2038\" data-end=\"2056\">\ud83d\udcc4 Termos de Uso<\/h1><h3 data-start=\"2058\" data-end=\"2083\">Termos de Uso \u2013 VMSTI<\/h3><p data-start=\"2085\" data-end=\"2175\">Ao acessar e utilizar este site, voc\u00ea concorda com os termos e condi\u00e7\u00f5es descritos abaixo.<\/p><h3 data-start=\"2177\" data-end=\"2196\">Uso do conte\u00fado<\/h3><p data-start=\"2198\" data-end=\"2459\">Todo o conte\u00fado disponibilizado neste site, incluindo textos, imagens, logotipo, identidade visual e materiais informativos, \u00e9 de propriedade da VMSTI, salvo quando indicado o contr\u00e1rio, e n\u00e3o pode ser reproduzido, copiado ou distribu\u00eddo sem autoriza\u00e7\u00e3o pr\u00e9via.<\/p><h3 data-start=\"2461\" data-end=\"2487\">Informa\u00e7\u00f5es e servi\u00e7os<\/h3><p data-start=\"2489\" data-end=\"2643\">As informa\u00e7\u00f5es apresentadas neste site t\u00eam car\u00e1ter informativo e institucional, podendo ser alteradas ou atualizadas a qualquer momento, sem aviso pr\u00e9vio.<\/p><p data-start=\"2645\" data-end=\"2829\">A contrata\u00e7\u00e3o de servi\u00e7os oferecidos pela VMSTI ocorre mediante contato direto, or\u00e7amento e, quando aplic\u00e1vel, contrato espec\u00edfico, n\u00e3o sendo realizada automaticamente atrav\u00e9s do site.<\/p><h3 data-start=\"2831\" data-end=\"2852\">Responsabilidades<\/h3><p data-start=\"2854\" data-end=\"3037\">A VMSTI se compromete a manter as informa\u00e7\u00f5es do site atualizadas e corretas, mas n\u00e3o garante que o conte\u00fado esteja sempre livre de erros, falhas t\u00e9cnicas ou interrup\u00e7\u00f5es tempor\u00e1rias.<\/p><p data-start=\"3039\" data-end=\"3122\">O uso das informa\u00e7\u00f5es disponibilizadas neste site \u00e9 de responsabilidade do usu\u00e1rio.<\/p><h3 data-start=\"3124\" data-end=\"3142\">Links externos<\/h3><p data-start=\"3144\" data-end=\"3301\">Este site pode conter links para sites de terceiros. A VMSTI n\u00e3o se responsabiliza pelo conte\u00fado, pol\u00edticas de privacidade ou pr\u00e1ticas desses sites externos.<\/p><h3 data-start=\"3303\" data-end=\"3328\">Altera\u00e7\u00f5es nos termos<\/h3><p data-start=\"3330\" data-end=\"3451\">Os termos de uso podem ser modificados a qualquer momento, sendo responsabilidade do usu\u00e1rio consult\u00e1-los periodicamente.<\/p>\t\t\t\t\t\t\t\t<\/div>\n\t\t\t\t<\/div>\n\t\t\t\t\t<\/div>\n\t\t\t\t<\/div>\n\t\t\t\t<\/div>\n\t\t","protected":false},"excerpt":{"rendered":"<p>\ud83d\udcc4 Termos de Uso Termos de Uso \u2013 VMSTI Ao acessar e utilizar este site, voc\u00ea concorda com os termos e condi\u00e7\u00f5es descritos abaixo. Uso do conte\u00fado Todo o conte\u00fado disponibilizado neste site, incluindo textos, imagens, logotipo, identidade visual e materiais informativos, \u00e9 de propriedade da VMSTI, salvo quando indicado o contr\u00e1rio, e n\u00e3o pode [&hellip;]<\/p>\n","protected":false},"author":1,"featured_media":0,"parent":0,"menu_order":0,"comment_status":"closed","ping_status":"closed","template":"elementor_header_footer","meta":{"footnotes":""},"class_list":["post-37","page","type-page","status-publish","hentry"],"_links":{"self":[{"href":"https:\/\/vmsti.com.br\/index.php\/wp-json\/wp\/v2\/pages\/37","targetHints":{"allow":["GET"]}}],"collection":[{"href":"https:\/\/vmsti.com.br\/index.php\/wp-json\/wp\/v2\/pages"}],"about":[{"href":"https:\/\/vmsti.com.br\/index.php\/wp-json\/wp\/v2\/types\/page"}],"author":[{"embeddable":true,"href":"https:\/\/vmsti.com.br\/index.php\/wp-json\/wp\/v2\/users\/1"}],"replies":[{"embeddable":true,"href":"https:\/\/vmsti.com.br\/index.php\/wp-json\/wp\/v2\/comments?post=37"}],"version-history":[{"count":10,"href":"https:\/\/vmsti.com.br\/index.php\/wp-json\/wp\/v2\/pages\/37\/revisions"}],"predecessor-version":[{"id":494,"href":"https:\/\/vmsti.com.br\/index.php\/wp-json\/wp\/v2\/pages\/37\/revisions\/494"}],"wp:attachment":[{"href":"https:\/\/vmsti.com.br\/index.php\/wp-json\/wp\/v2\/media?parent=37"}],"curies":[{"name":"wp","href":"https:\/\/api.w.org\/{rel}","templated":true}]}}